{"id":4185,"date":"2019-05-15T20:17:09","date_gmt":"2019-05-15T18:17:09","guid":{"rendered":"https:\/\/www.unan.edu.ni\/?page_id=4185"},"modified":"2019-06-03T19:48:54","modified_gmt":"2019-06-03T17:48:54","slug":"sistema-nacional-de-capacitacion-municipal","status":"publish","type":"page","link":"https:\/\/www.unan.edu.ni\/index.php\/sistema-nacional-de-capacitacion-municipal","title":{"rendered":"Sistema Nacional de Capacitaci\u00f3n Municipal"},"content":{"rendered":"\t\t<div data-elementor-type=\"wp-post\" data-elementor-id=\"4185\" class=\"elementor elementor-4185\" data-elementor-post-type=\"page\">\n\t\t\t\t\t\t<section class=\"elementor-section elementor-top-section elementor-element elementor-element-197cee1a elementor-section-full_width elementor-section-height-default elementor-section-height-default\" data-id=\"197cee1a\" data-element_type=\"section\" data-e-type=\"section\">\n\t\t\t\t\t\t<div class=\"elementor-container elementor-column-gap-default\">\n\t\t\t\t\t<div class=\"elementor-column elementor-col-100 elementor-top-column elementor-element elementor-element-50f0ca2\" data-id=\"50f0ca2\" data-element_type=\"column\" data-e-type=\"column\" data-settings=\"{&quot;background_background&quot;:&quot;classic&quot;}\">\n\t\t\t<div class=\"elementor-widget-wrap elementor-element-populated\">\n\t\t\t\t\t\t<div class=\"elementor-element elementor-element-4c128e4c elementor-widget elementor-widget-heading\" data-id=\"4c128e4c\" data-element_type=\"widget\" data-e-type=\"widget\" data-widget_type=\"heading.default\">\n\t\t\t\t<div class=\"elementor-widget-container\">\n\t\t\t\t\t<h1 class=\"elementor-heading-title elementor-size-default\">Sistema Nacional de Capacitaci\u00f3n Municipal<\/h1>\t\t\t\t<\/div>\n\t\t\t\t<\/div>\n\t\t\t\t<div class=\"elementor-element elementor-element-3eef1c16 elementor-widget elementor-widget-spacer\" data-id=\"3eef1c16\" data-element_type=\"widget\" data-e-type=\"widget\" data-widget_type=\"spacer.default\">\n\t\t\t\t<div class=\"elementor-widget-container\">\n\t\t\t\t\t\t\t<div class=\"elementor-spacer\">\n\t\t\t<div class=\"elementor-spacer-inner\"><\/div>\n\t\t<\/div>\n\t\t\t\t\t\t<\/div>\n\t\t\t\t<\/div>\n\t\t\t\t\t<\/div>\n\t\t<\/div>\n\t\t\t\t\t<\/div>\n\t\t<\/section>\n\t\t\t\t<section class=\"elementor-section elementor-top-section elementor-element elementor-element-2aa582b elementor-section-boxed elementor-section-height-default elementor-section-height-default\" data-id=\"2aa582b\" data-element_type=\"section\" data-e-type=\"section\">\n\t\t\t\t\t\t<div class=\"elementor-container elementor-column-gap-default\">\n\t\t\t\t\t<div class=\"elementor-column elementor-col-100 elementor-top-column elementor-element elementor-element-9782ae4\" data-id=\"9782ae4\" data-element_type=\"column\" data-e-type=\"column\">\n\t\t\t<div class=\"elementor-widget-wrap elementor-element-populated\">\n\t\t\t\t\t\t<div class=\"elementor-element elementor-element-93df49b elementor-widget elementor-widget-text-editor\" data-id=\"93df49b\" data-element_type=\"widget\" data-e-type=\"widget\" data-widget_type=\"text-editor.default\">\n\t\t\t\t<div class=\"elementor-widget-container\">\n\t\t\t\t\t\t\t\t\t<p style=\"text-align: justify;\">SINACAM es un programa dirigido a la profesionalizaci\u00f3n de los servidores p\u00fablicos de todas las municipalidades del pa\u00eds. Como resultado del trabajo realizado por la Carrera Administrativa Municipal (CAM) seg\u00fan las facultades que le otorga la Ley 502 y en coordinaci\u00f3n con la Universidad Nacional Aut\u00f3noma de Nicaragua, Managua (UNAN-Managua) se establecieron las coordinaciones para las capacitaciones de los Servidores P\u00fablicos Municipales a trav\u00e9s de metodolog\u00edas innovadoras, para permitir desarrollar habilidades y conocimientos m\u00e1s eficientes, productivos y transparentes en el ejercicio de sus funciones, generando confianza y satisfacci\u00f3n en las familias y comunidades.<\/p><p style=\"text-align: justify;\">En el a\u00f1o 2012 \u201cSe crea el Sistema Nacional de Capacitaci\u00f3n Municipal (SINACAM), como la instancia para responder a las demandas y necesidades de capacitaci\u00f3n de los municipios sujetos a esta Ley, el sistema es el responsable de su implementaci\u00f3n, de acuerdo a las pol\u00edticas de capacitaci\u00f3n y formaci\u00f3n de la Comisi\u00f3n Nacional Administrativa Municipal\u201d, en el marco del Plan Nacional de Desarrollo Humano en concordancia del Modelo Cristiano, Socialista, Solidario del Gobierno actual.<\/p><p style=\"text-align: justify;\"><strong>Contacto<\/strong><\/p><ul><li style=\"text-align: justify;\">Coordinadora General: Dra. Yael Fari\u00f1a<\/li><li style=\"text-align: justify;\">Correo:\u00a0<a href=\"&#x6d;&#97;i&#x6c;&#x74;&#111;:&#x79;&#x61;&#101;l&#x2e;&#102;a&#x72;&#x69;&#110;a&#x40;&#x75;&#110;a&#x6e;&#46;&#101;&#x64;&#x75;&#46;n&#x69;\">&#121;a&#x65;l&#x2e;f&#x61;r&#x69;&#110;&#x61;&#64;&#x75;&#110;&#x61;&#110;&#46;&#101;d&#x75;&#46;&#x6e;i<\/a>\u00a0<\/li><li style=\"text-align: justify;\">Tel\u00e9fono: 505 2278 6778 \/ Ext. 5198<\/li><\/ul>\t\t\t\t\t\t\t\t<\/div>\n\t\t\t\t<\/div>\n\t\t\t\t\t<\/div>\n\t\t<\/div>\n\t\t\t\t\t<\/div>\n\t\t<\/section>\n\t\t\t\t<section class=\"elementor-section elementor-top-section elementor-element elementor-element-bbe3b41 elementor-section-full_width elementor-section-height-default elementor-section-height-default\" data-id=\"bbe3b41\" data-element_type=\"section\" data-e-type=\"section\" data-settings=\"{&quot;background_background&quot;:&quot;classic&quot;}\">\n\t\t\t\t\t\t<div class=\"elementor-container elementor-column-gap-default\">\n\t\t\t\t\t<div class=\"elementor-column elementor-col-100 elementor-top-column elementor-element elementor-element-5fdedf4\" data-id=\"5fdedf4\" data-element_type=\"column\" data-e-type=\"column\" data-settings=\"{&quot;background_background&quot;:&quot;classic&quot;}\">\n\t\t\t<div class=\"elementor-widget-wrap elementor-element-populated\">\n\t\t\t\t\t\t<div class=\"elementor-element elementor-element-0db99fd elementor-widget elementor-widget-text-editor\" data-id=\"0db99fd\" data-element_type=\"widget\" data-e-type=\"widget\" data-widget_type=\"text-editor.default\">\n\t\t\t\t<div class=\"elementor-widget-container\">\n\t\t\t\t\t\t\t\t\t<h2 style=\"text-align: center;\"><span style=\"color: #ffffff;\">::: Carreras que se ofertan actualmente en el Programa :::<\/span><\/h2>\t\t\t\t\t\t\t\t<\/div>\n\t\t\t\t<\/div>\n\t\t\t\t\t<\/div>\n\t\t<\/div>\n\t\t\t\t\t<\/div>\n\t\t<\/section>\n\t\t\t\t<section class=\"elementor-section elementor-top-section elementor-element elementor-element-3140fcd elementor-section-boxed elementor-section-height-default elementor-section-height-default\" data-id=\"3140fcd\" data-element_type=\"section\" data-e-type=\"section\">\n\t\t\t\t\t\t<div class=\"elementor-container elementor-column-gap-default\">\n\t\t\t\t\t<div class=\"elementor-column elementor-col-100 elementor-top-column elementor-element elementor-element-77cdb5d\" data-id=\"77cdb5d\" data-element_type=\"column\" data-e-type=\"column\">\n\t\t\t<div class=\"elementor-widget-wrap elementor-element-populated\">\n\t\t\t\t\t\t<div class=\"elementor-element elementor-element-6fbb9e5 elementor-widget elementor-widget-text-editor\" data-id=\"6fbb9e5\" data-element_type=\"widget\" data-e-type=\"widget\" data-widget_type=\"text-editor.default\">\n\t\t\t\t<div class=\"elementor-widget-container\">\n\t\t\t\t\t\t\t\t\t<p><div id=\"footable_parent_4184\"\n         class=\" footable_parent ninja_table_wrapper loading_ninja_table wp_table_data_press_parent bootstrap4 \">\n                <table data-ninja_table_instance=\"ninja_table_instance_0\" data-footable_id=\"4184\" data-filter-delay=\"1000\" aria-label=\"sinacam.csv\"            id=\"footable_4184\"\n           data-unique_identifier=\"ninja_table_unique_id_1821987224_4184\"\n           class=\" foo-table ninja_footable foo_table_4184 ninja_table_unique_id_1821987224_4184 table  nt_type_legacy_table table-hover vertical_centered  footable-paging-right hide_all_borders ninja_table_search_disabled ninja_table_pro\">\n                <colgroup>\n                            <col class=\"ninja_column_0 \">\n                            <col class=\"ninja_column_1 \">\n                            <col class=\"ninja_column_2 \">\n                            <col class=\"ninja_column_3 \">\n                    <\/colgroup>\n        <thead>\n<tr class=\"footable-header\">\n                                                                        <th scope=\"col\"  class=\"ninja_column_0 ninja_clmn_nm_facultad \">Facultad<\/th><th scope=\"col\"  class=\"ninja_column_1 ninja_clmn_nm_nombre \">Cerrera<\/th><th scope=\"col\"  class=\"ninja_column_2 ninja_clmn_nm_carrera \">Grado<\/th><th scope=\"col\"  class=\"ninja_column_3 ninja_clmn_nm_sede \">Sede<\/th><\/tr>\n<\/thead>\n<tbody>\n\n        <tr data-row_id=\"2096\" class=\"ninja_table_row_0 nt_row_id_2096\">\n            <td>FAREM-Carazo<\/td><td>Ingenier\u00eda Civil con menci\u00f3n en Topograf\u00eda<\/td><td>T\u00e9cnico Superior<\/td><td>Carazo<\/td>        <\/tr>\n            <tr data-row_id=\"2097\" class=\"ninja_table_row_1 nt_row_id_2097\">\n            <td>FAREM-Carazo<\/td><td>Administraci\u00f3n de Empresas<\/td><td>Licenciatura<\/td><td>Carazo<\/td>        <\/tr>\n            <tr data-row_id=\"2098\" class=\"ninja_table_row_2 nt_row_id_2098\">\n            <td>FAREM-Estel\u00ed<\/td><td>Administraci\u00f3n de Empresas<\/td><td>Licenciatura<\/td><td>Estel\u00ed<\/td>        <\/tr>\n            <tr data-row_id=\"2099\" class=\"ninja_table_row_3 nt_row_id_2099\">\n            <td>Ciencias e Ingenier\u00eda<\/td><td>Ingenier\u00eda Civil con menci\u00f3n en Topograf\u00eda<\/td><td>T\u00e9cnico Superior<\/td><td>Managua<\/td>        <\/tr>\n            <tr data-row_id=\"2100\" class=\"ninja_table_row_4 nt_row_id_2100\">\n            <td>Ciencias e Ingenier\u00eda<\/td><td>Sistemas de Informaci\u00f3n<\/td><td>Ingenier\u00eda<\/td><td>Managua<\/td>        <\/tr>\n            <tr data-row_id=\"2101\" class=\"ninja_table_row_5 nt_row_id_2101\">\n            <td>Ciencias e Ingenier\u00eda<\/td><td>Civil<\/td><td>Ingenier\u00eda<\/td><td>Managua<\/td>        <\/tr>\n            <tr data-row_id=\"2102\" class=\"ninja_table_row_6 nt_row_id_2102\">\n            <td>Ciencias e Ingenier\u00eda<\/td><td>Ambiental<\/td><td>Ingenier\u00eda<\/td><td>Managua<\/td>        <\/tr>\n            <tr data-row_id=\"2103\" class=\"ninja_table_row_7 nt_row_id_2103\">\n            <td>Ciencias e Ingenier\u00eda<\/td><td>Turismo Sostenible<\/td><td>Licenciatura<\/td><td>Managua<\/td>        <\/tr>\n            <tr data-row_id=\"2104\" class=\"ninja_table_row_8 nt_row_id_2104\">\n            <td>Ciencias Econ\u00f3micas<\/td><td>Administraci\u00f3n de Empresas<\/td><td>Licenciatura<\/td><td>Managua<\/td>        <\/tr>\n            <tr data-row_id=\"2105\" class=\"ninja_table_row_9 nt_row_id_2105\">\n            <td>Ciencias Econ\u00f3micas<\/td><td>Contadur\u00eda P\u00fablica y Finanzas<\/td><td>Licenciatura<\/td><td>Managua<\/td>        <\/tr>\n            <tr data-row_id=\"2106\" class=\"ninja_table_row_10 nt_row_id_2106\">\n            <td>Humanidades y Ciencias Jur\u00eddicas<\/td><td>Gesti\u00f3n de la Informaci\u00f3n<\/td><td>Licenciatura<\/td><td>Managua<\/td>        <\/tr>\n            <tr data-row_id=\"2107\" class=\"ninja_table_row_11 nt_row_id_2107\">\n            <td>Humanidades y Ciencias Jur\u00eddicas<\/td><td>Trabajo Social<\/td><td>Licenciatura<\/td><td>Managua<\/td>        <\/tr>\n            <tr data-row_id=\"2108\" class=\"ninja_table_row_12 nt_row_id_2108\">\n            <td>Educaci\u00f3n e Idiomas<\/td><td>Pedagog\u00eda con menci\u00f3n en Educaci\u00f3n Infantil<\/td><td>Licenciatura<\/td><td>Managua<\/td>        <\/tr>\n    <\/tbody><!--ninja_tobody_rendering_done-->\n    <\/table>\n    \n    \n    \n<\/div>\n<\/p>\t\t\t\t\t\t\t\t<\/div>\n\t\t\t\t<\/div>\n\t\t\t\t\t<\/div>\n\t\t<\/div>\n\t\t\t\t\t<\/div>\n\t\t<\/section>\n\t\t\t\t<\/div>\n\t\t","protected":false},"excerpt":{"rendered":"<p>Sistema Nacional de Capacitaci\u00f3n Municipal SINACAM es un programa dirigido a la profesionalizaci\u00f3n de los servidores p\u00fablicos de todas las municipalidades del pa\u00eds. Como resultado del trabajo realizado por la Carrera Administrativa Municipal (CAM) seg\u00fan las facultades que le otorga la Ley 502 y en coordinaci\u00f3n con la Universidad Nacional Aut\u00f3noma de Nicaragua, Managua (UNAN-Managua) &#8230; <a title=\"Sistema Nacional de Capacitaci\u00f3n Municipal\" class=\"read-more\" href=\"https:\/\/www.unan.edu.ni\/index.php\/sistema-nacional-de-capacitacion-municipal\" aria-label=\"Leer m\u00e1s sobre Sistema Nacional de Capacitaci\u00f3n Municipal\">Leer m\u00e1s<\/a><\/p>\n","protected":false},"author":1,"featured_media":0,"parent":0,"menu_order":0,"comment_status":"closed","ping_status":"closed","template":"elementor_header_footer","meta":{"twitterCardType":"","cardImageID":0,"cardImage":"","cardTitle":"","cardDesc":"","cardImageAlt":"","cardPlayer":"","cardPlayerWidth":0,"cardPlayerHeight":0,"cardPlayerStream":"","cardPlayerCodec":"","footnotes":""},"class_list":["post-4185","page","type-page","status-publish"],"yoast_head":"<!-- This site is optimized with the Yoast SEO Premium plugin v27.3 (Yoast SEO v27.3) - https:\/\/yoast.com\/product\/yoast-seo-premium-wordpress\/ -->\n<title>Sistema Nacional de Capacitaci\u00f3n Municipal - UNAN-Managua<\/title>\n<meta name=\"robots\" content=\"index, follow, max-snippet:-1, max-image-preview:large, max-video-preview:-1\" \/>\n<link rel=\"canonical\" href=\"https:\/\/www.unan.edu.ni\/index.php\/sistema-nacional-de-capacitacion-municipal\" \/>\n<meta property=\"og:locale\" content=\"es_ES\" \/>\n<meta property=\"og:type\" content=\"article\" \/>\n<meta property=\"og:title\" content=\"Sistema Nacional de Capacitaci\u00f3n Municipal\" \/>\n<meta property=\"og:description\" content=\"SINACAM es un programa dirigido a la profesionalizaci\u00f3n de los servidores p\u00fablicos de todas las municipalidades del pa\u00eds\" \/>\n<meta property=\"og:url\" content=\"https:\/\/www.unan.edu.ni\/index.php\/sistema-nacional-de-capacitacion-municipal\" \/>\n<meta property=\"og:site_name\" content=\"UNAN-Managua\" \/>\n<meta property=\"article:publisher\" content=\"https:\/\/www.facebook.com\/UNAN.Managua\/\" \/>\n<meta property=\"article:modified_time\" content=\"2019-06-03T17:48:54+00:00\" \/>\n<meta property=\"og:image\" content=\"https:\/\/www.unan.edu.ni\/wp-content\/uploads\/unan-managua-marca-institucional-2904202002.jpg\" \/>\n\t<meta property=\"og:image:width\" content=\"1080\" \/>\n\t<meta property=\"og:image:height\" content=\"576\" \/>\n\t<meta property=\"og:image:type\" content=\"image\/jpeg\" \/>\n<meta name=\"twitter:card\" content=\"summary_large_image\" \/>\n<meta name=\"twitter:description\" content=\"SINACAM es un programa dirigido a la profesionalizaci\u00f3n de los servidores p\u00fablicos de todas las municipalidades del pa\u00eds\" \/>\n<meta name=\"twitter:site\" content=\"@UNANManagua\" \/>\n<meta name=\"twitter:label1\" content=\"Tiempo de lectura\" \/>\n\t<meta name=\"twitter:data1\" content=\"1 minuto\" \/>\n<script type=\"application\/ld+json\" class=\"yoast-schema-graph\">{\"@context\":\"https:\\\/\\\/schema.org\",\"@graph\":[{\"@type\":\"WebPage\",\"@id\":\"https:\\\/\\\/www.unan.edu.ni\\\/index.php\\\/sistema-nacional-de-capacitacion-municipal\",\"url\":\"https:\\\/\\\/www.unan.edu.ni\\\/index.php\\\/sistema-nacional-de-capacitacion-municipal\",\"name\":\"Sistema Nacional de Capacitaci\u00f3n Municipal - UNAN-Managua\",\"isPartOf\":{\"@id\":\"https:\\\/\\\/www.unan.edu.ni\\\/#website\"},\"datePublished\":\"2019-05-15T18:17:09+00:00\",\"dateModified\":\"2019-06-03T17:48:54+00:00\",\"breadcrumb\":{\"@id\":\"https:\\\/\\\/www.unan.edu.ni\\\/index.php\\\/sistema-nacional-de-capacitacion-municipal#breadcrumb\"},\"inLanguage\":\"es\",\"potentialAction\":[{\"@type\":\"ReadAction\",\"target\":[\"https:\\\/\\\/www.unan.edu.ni\\\/index.php\\\/sistema-nacional-de-capacitacion-municipal\"]}]},{\"@type\":\"BreadcrumbList\",\"@id\":\"https:\\\/\\\/www.unan.edu.ni\\\/index.php\\\/sistema-nacional-de-capacitacion-municipal#breadcrumb\",\"itemListElement\":[{\"@type\":\"ListItem\",\"position\":1,\"name\":\"Home\",\"item\":\"https:\\\/\\\/www.unan.edu.ni\\\/\"},{\"@type\":\"ListItem\",\"position\":2,\"name\":\"Sistema Nacional de Capacitaci\u00f3n Municipal\"}]},{\"@type\":\"WebSite\",\"@id\":\"https:\\\/\\\/www.unan.edu.ni\\\/#website\",\"url\":\"https:\\\/\\\/www.unan.edu.ni\\\/\",\"name\":\"UNAN-Managua\",\"description\":\"Universidad Nacional Aut\u00f3noma de Nicaragua\",\"publisher\":{\"@id\":\"https:\\\/\\\/www.unan.edu.ni\\\/#organization\"},\"alternateName\":\"Universidad Nacional Aut\u00f3noma de Nicaragua\",\"potentialAction\":[{\"@type\":\"SearchAction\",\"target\":{\"@type\":\"EntryPoint\",\"urlTemplate\":\"https:\\\/\\\/www.unan.edu.ni\\\/?s={search_term_string}\"},\"query-input\":{\"@type\":\"PropertyValueSpecification\",\"valueRequired\":true,\"valueName\":\"search_term_string\"}}],\"inLanguage\":\"es\"},{\"@type\":\"Organization\",\"@id\":\"https:\\\/\\\/www.unan.edu.ni\\\/#organization\",\"name\":\"UNAN-Managua\",\"alternateName\":\"Universidad Nacional Aut\u00f3noma de Nicaragua\",\"url\":\"https:\\\/\\\/www.unan.edu.ni\\\/\",\"logo\":{\"@type\":\"ImageObject\",\"inLanguage\":\"es\",\"@id\":\"https:\\\/\\\/www.unan.edu.ni\\\/#\\\/schema\\\/logo\\\/image\\\/\",\"url\":\"https:\\\/\\\/www.unan.edu.ni\\\/wp-content\\\/uploads\\\/unan-managua-marca-institucional-2904202002.jpg\",\"contentUrl\":\"https:\\\/\\\/www.unan.edu.ni\\\/wp-content\\\/uploads\\\/unan-managua-marca-institucional-2904202002.jpg\",\"width\":1080,\"height\":576,\"caption\":\"UNAN-Managua\"},\"image\":{\"@id\":\"https:\\\/\\\/www.unan.edu.ni\\\/#\\\/schema\\\/logo\\\/image\\\/\"},\"sameAs\":[\"https:\\\/\\\/www.facebook.com\\\/UNAN.Managua\\\/\",\"https:\\\/\\\/x.com\\\/UNANManagua\",\"https:\\\/\\\/www.instagram.com\\\/unan.managua\\\/\",\"https:\\\/\\\/www.youtube.com\\\/@UnanManaguaOficial\"]}]}<\/script>\n<!-- \/ Yoast SEO Premium plugin. -->","yoast_head_json":{"title":"Sistema Nacional de Capacitaci\u00f3n Municipal - UNAN-Managua","robots":{"index":"index","follow":"follow","max-snippet":"max-snippet:-1","max-image-preview":"max-image-preview:large","max-video-preview":"max-video-preview:-1"},"canonical":"https:\/\/www.unan.edu.ni\/index.php\/sistema-nacional-de-capacitacion-municipal","og_locale":"es_ES","og_type":"article","og_title":"Sistema Nacional de Capacitaci\u00f3n Municipal","og_description":"SINACAM es un programa dirigido a la profesionalizaci\u00f3n de los servidores p\u00fablicos de todas las municipalidades del pa\u00eds","og_url":"https:\/\/www.unan.edu.ni\/index.php\/sistema-nacional-de-capacitacion-municipal","og_site_name":"UNAN-Managua","article_publisher":"https:\/\/www.facebook.com\/UNAN.Managua\/","article_modified_time":"2019-06-03T17:48:54+00:00","og_image":[{"width":1080,"height":576,"url":"https:\/\/www.unan.edu.ni\/wp-content\/uploads\/unan-managua-marca-institucional-2904202002.jpg","type":"image\/jpeg"}],"twitter_card":"summary_large_image","twitter_description":"SINACAM es un programa dirigido a la profesionalizaci\u00f3n de los servidores p\u00fablicos de todas las municipalidades del pa\u00eds","twitter_site":"@UNANManagua","twitter_misc":{"Tiempo de lectura":"1 minuto"},"schema":{"@context":"https:\/\/schema.org","@graph":[{"@type":"WebPage","@id":"https:\/\/www.unan.edu.ni\/index.php\/sistema-nacional-de-capacitacion-municipal","url":"https:\/\/www.unan.edu.ni\/index.php\/sistema-nacional-de-capacitacion-municipal","name":"Sistema Nacional de Capacitaci\u00f3n Municipal - UNAN-Managua","isPartOf":{"@id":"https:\/\/www.unan.edu.ni\/#website"},"datePublished":"2019-05-15T18:17:09+00:00","dateModified":"2019-06-03T17:48:54+00:00","breadcrumb":{"@id":"https:\/\/www.unan.edu.ni\/index.php\/sistema-nacional-de-capacitacion-municipal#breadcrumb"},"inLanguage":"es","potentialAction":[{"@type":"ReadAction","target":["https:\/\/www.unan.edu.ni\/index.php\/sistema-nacional-de-capacitacion-municipal"]}]},{"@type":"BreadcrumbList","@id":"https:\/\/www.unan.edu.ni\/index.php\/sistema-nacional-de-capacitacion-municipal#breadcrumb","itemListElement":[{"@type":"ListItem","position":1,"name":"Home","item":"https:\/\/www.unan.edu.ni\/"},{"@type":"ListItem","position":2,"name":"Sistema Nacional de Capacitaci\u00f3n Municipal"}]},{"@type":"WebSite","@id":"https:\/\/www.unan.edu.ni\/#website","url":"https:\/\/www.unan.edu.ni\/","name":"UNAN-Managua","description":"Universidad Nacional Aut\u00f3noma de Nicaragua","publisher":{"@id":"https:\/\/www.unan.edu.ni\/#organization"},"alternateName":"Universidad Nacional Aut\u00f3noma de Nicaragua","potentialAction":[{"@type":"SearchAction","target":{"@type":"EntryPoint","urlTemplate":"https:\/\/www.unan.edu.ni\/?s={search_term_string}"},"query-input":{"@type":"PropertyValueSpecification","valueRequired":true,"valueName":"search_term_string"}}],"inLanguage":"es"},{"@type":"Organization","@id":"https:\/\/www.unan.edu.ni\/#organization","name":"UNAN-Managua","alternateName":"Universidad Nacional Aut\u00f3noma de Nicaragua","url":"https:\/\/www.unan.edu.ni\/","logo":{"@type":"ImageObject","inLanguage":"es","@id":"https:\/\/www.unan.edu.ni\/#\/schema\/logo\/image\/","url":"https:\/\/www.unan.edu.ni\/wp-content\/uploads\/unan-managua-marca-institucional-2904202002.jpg","contentUrl":"https:\/\/www.unan.edu.ni\/wp-content\/uploads\/unan-managua-marca-institucional-2904202002.jpg","width":1080,"height":576,"caption":"UNAN-Managua"},"image":{"@id":"https:\/\/www.unan.edu.ni\/#\/schema\/logo\/image\/"},"sameAs":["https:\/\/www.facebook.com\/UNAN.Managua\/","https:\/\/x.com\/UNANManagua","https:\/\/www.instagram.com\/unan.managua\/","https:\/\/www.youtube.com\/@UnanManaguaOficial"]}]}},"jetpack_shortlink":"https:\/\/wp.me\/Pb1ER8-15v","jetpack_sharing_enabled":true,"_links":{"self":[{"href":"https:\/\/www.unan.edu.ni\/index.php\/wp-json\/wp\/v2\/pages\/4185","targetHints":{"allow":["GET"]}}],"collection":[{"href":"https:\/\/www.unan.edu.ni\/index.php\/wp-json\/wp\/v2\/pages"}],"about":[{"href":"https:\/\/www.unan.edu.ni\/index.php\/wp-json\/wp\/v2\/types\/page"}],"author":[{"embeddable":true,"href":"https:\/\/www.unan.edu.ni\/index.php\/wp-json\/wp\/v2\/users\/1"}],"replies":[{"embeddable":true,"href":"https:\/\/www.unan.edu.ni\/index.php\/wp-json\/wp\/v2\/comments?post=4185"}],"version-history":[{"count":0,"href":"https:\/\/www.unan.edu.ni\/index.php\/wp-json\/wp\/v2\/pages\/4185\/revisions"}],"wp:attachment":[{"href":"https:\/\/www.unan.edu.ni\/index.php\/wp-json\/wp\/v2\/media?parent=4185"}],"curies":[{"name":"wp","href":"https:\/\/api.w.org\/{rel}","templated":true}]}}